{"id":549,"date":"2024-03-24T08:37:19","date_gmt":"2024-03-24T08:37:19","guid":{"rendered":"https:\/\/rm-sourcing.com\/?page_id=549"},"modified":"2024-05-29T05:37:53","modified_gmt":"2024-05-29T05:37:53","slug":"team","status":"publish","type":"page","link":"https:\/\/rm-sourcing.com\/fr\/team\/","title":{"rendered":"Team"},"content":{"rendered":"<style scoped>.gspb_container-id-gsbp-de1c6fb{flex-direction:column;box-sizing:border-box;}#gspb_container-id-gsbp-de1c6fb.gspb_container >p:last-of-type{margin-bottom:0}.gspb_container{position:relative;}#gspb_container-id-gsbp-de1c6fb.gspb_container{margin-top:60px;margin-bottom:60px;padding-top:100px;padding-right:100px;padding-bottom:100px;padding-left:100px;}#gspb_container-id-gsbp-de1c6fb.gspb_container{border-top-left-radius:50px;border-top-right-radius:50px;border-bottom-right-radius:50px;border-bottom-left-radius:50px;}#gspb_container-id-gsbp-de1c6fb.gspb_container >.gspb_backgroundOverlay{border-top-left-radius:50px;border-top-right-radius:50px;border-bottom-right-radius:50px;border-bottom-left-radius:50px;}#gspb_container-id-gsbp-de1c6fb.gspb_container{background-size:cover;background-repeat:no-repeat;background-position:59% 47%;}#gspb_container-id-gsbp-de1c6fb.gspb_container{background-image:url(https:\/\/rm-sourcing.com\/wp-content\/uploads\/2024\/03\/team.jpg);}#gspb_container-id-gsbp-de1c6fb.gspb_container:hover{background-size:cover;}#gspb_container-id-gsbp-de1c6fb.gspb_container >.gspb_backgroundOverlay{position:absolute;top:0;left:0;width:100%;height:100%;z-index:-1;}#gspb_container-id-gsbp-de1c6fb.gspb_container >.gspb_backgroundOverlay{opacity:0.7}#gspb_container-id-gsbp-de1c6fb.gspb_container >.gspb_backgroundOverlay{background-color:var(--gs-colorcustomcolor2,#ff6d45);}#gspb_container-id-gsbp-de1c6fb.gspb_container{isolation:isolate;}<\/style>\n<div class=\"wp-block-greenshift-blocks-container alignwide gspb_container gspb_container-gsbp-de1c6fb\" id=\"gspb_container-id-gsbp-de1c6fb\"><div class=\"gspb_backgroundOverlay\"><\/div><style scoped>#gspb_heading-id-gsbp-c24b86f,#gspb_heading-id-gsbp-c24b86f .gsap-g-line{text-align:center!important;}#gspb_heading-id-gsbp-c24b86f{color:var(--gs-colorcustomcolor4,#fbfbfb);}<\/style>\n<h2 id=\"gspb_heading-id-gsbp-c24b86f\" class=\"gspb_heading gspb_heading-id-gsbp-c24b86f \"><strong><strong>QUI SOMMES NOUS ?<\/strong><\/strong><\/h2>\n<\/div>\n\n\n<style scoped>.gspb_container-id-gsbp-1f2c50b{flex-direction:column;box-sizing:border-box;}#gspb_container-id-gsbp-1f2c50b.gspb_container >p:last-of-type{margin-bottom:0}.gspb_container{position:relative;}<\/style>\n<div class=\"wp-block-greenshift-blocks-container alignwide gspb_container gspb_container-gsbp-1f2c50b\" id=\"gspb_container-id-gsbp-1f2c50b\"><style scoped>.gspb_text-id-gsbp-c312e5c{font-family:Poppins Regular,sans-serif;}.gspb_text-id-gsbp-c312e5c{font-size:20px;}.gspb_text-id-gsbp-c312e5c,.gspb_text-id-gsbp-c312e5c .gsap-g-line{text-align:center!important;}<\/style>\n<div id=\"gspb_text-id-gsbp-c312e5c\" class=\"gspb_text gspb_text-id-gsbp-c312e5c \"><strong>Nous sommes des sp\u00e9cialistes SLE<\/strong> : Sourcing, Logistique et E-commerce. En tant que fournisseurs de solutions uniques, nous travaillons en \u00e9troite collaboration avec les boutiques de commerce \u00e9lectronique et de dropshipping, les vendeurs de places de march\u00e9 et les importateurs. Nous soutenons nos partenaires dans le d\u00e9veloppement de leur entreprise et proposons des solutions cl\u00e9s en main allant de l&rsquo;approvisionnement au transport.<\/div>\n<\/div>\n\n\n<style scoped>#gspb_row-id-gsbp-7dd35d0{justify-content:space-between;margin-top:0px;margin-bottom:0px;display:flex;flex-wrap:wrap;}#gspb_row-id-gsbp-7dd35d0 >.gspb_row__content{display:flex;justify-content:space-between;margin:0 auto;width:100%;flex-wrap:wrap;}.gspb_row{position:relative;}div[id^=gspb_col-id]{box-sizing:border-box;position:relative;}div[id^=gspb_col-id]{padding:15px min(3vw,20px);}#gspb_row-id-gsbp-7dd35d0 >.gspb_row__content{align-items:center;}body.gspb-bodyfront #gspb_row-id-gsbp-7dd35d0 >.gspb_row__content{max-width:var(--wp--style--global--wide-size,1200px);}#gspb_row-id-gsbp-7dd35d0{align-content:center;}#gspb_row-id-gsbp-7dd35d0{margin-top:100px;margin-bottom:60px;}<\/style>\n<div class=\"wp-block-greenshift-blocks-row alignwide gspb_row gspb_row-id-gsbp-7dd35d0 gspb_row--gutter-30\" id=\"gspb_row-id-gsbp-7dd35d0\"><div class=\"gspb_row__content\"> <style scoped>#gspb_col-id-gsbp-fc53974.gspb_row__col--6{width:calc(50% - 15px);}@media (max-width:991.98px){#gspb_col-id-gsbp-fc53974.gspb_row__col--6{width:calc(50% - 15px);}}@media (max-width:767.98px){#gspb_col-id-gsbp-fc53974.gspb_row__col--6{width:calc(50% - 15px);}}@media (max-width:575.98px){#gspb_col-id-gsbp-fc53974.gspb_row__col--6{width:100%;}}.gspb_row #gspb_col-id-gsbp-fc53974.gspb_row__col--6{padding-left:0px;}<\/style>\n<div class=\"wp-block-greenshift-blocks-row-column gspb_row__col--6 gspb_col-id-gsbp-fc53974\" id=\"gspb_col-id-gsbp-fc53974\"><style scoped>#gspb_image-id-gsbp-5e57d00{text-align:center;}#gspb_image-id-gsbp-5e57d00 img{object-position:50% 50%;}#gspb_image-id-gsbp-5e57d00 img{vertical-align:top;}#gspb_image-id-gsbp-5e57d00 img{display:inline-block;box-sizing:border-box;max-width:100%;height:auto;}#gspb_image-id-gsbp-5e57d00 img{border-top-left-radius:30px;border-top-right-radius:30px;border-bottom-right-radius:30px;border-bottom-left-radius:30px;}#gspb_image-id-gsbp-5e57d00 img{width:341px;}#gspb_image-id-gsbp-5e57d00,#gspb_image-id-gsbp-5e57d00 img{height:auto;}@media (max-width:991.98px){#gspb_image-id-gsbp-5e57d00,#gspb_image-id-gsbp-5e57d00 img{height:auto;}}@media (max-width:767.98px){#gspb_image-id-gsbp-5e57d00,#gspb_image-id-gsbp-5e57d00 img{height:auto;}}@media (max-width:575.98px){#gspb_image-id-gsbp-5e57d00,#gspb_image-id-gsbp-5e57d00 img{height:auto;}}<\/style>\n<div class=\"wp-block-greenshift-blocks-image gspb_image gspb_image-id-gsbp-5e57d00\" id=\"gspb_image-id-gsbp-5e57d00\"><img decoding=\"async\" src=\"https:\/\/rm-sourcing.com\/wp-content\/uploads\/2024\/05\/Small-Polyglots-gif-1.gif\" data-src=\"\" alt=\"\" loading=\"lazy\" width=\"341\" height=\"326\"\/><\/div>\n<\/div>\n\n\n<style scoped>#gspb_col-id-gsbp-1e94abc.gspb_row__col--6{width:calc(50% - 15px);}@media (max-width:991.98px){#gspb_col-id-gsbp-1e94abc.gspb_row__col--6{width:calc(50% - 15px);}}@media (max-width:767.98px){#gspb_col-id-gsbp-1e94abc.gspb_row__col--6{width:calc(50% - 15px);}}@media (max-width:575.98px){#gspb_col-id-gsbp-1e94abc.gspb_row__col--6{width:100%;}}@media (min-width:992px){body.gspb-bodyfront #gspb_col-id-gsbp-1e94abc.gspb_row__col--6{width:calc(51.1% - 15px - 0px)}}<\/style>\n<div class=\"wp-block-greenshift-blocks-row-column gspb_row__col--6 gspb_col-id-gsbp-1e94abc\" id=\"gspb_col-id-gsbp-1e94abc\"><style scoped>#gspb_heading-id-gsbp-25db89a{margin-top:0px;}<\/style>\n<h2 id=\"gspb_heading-id-gsbp-25db89a\" class=\"gspb_heading gspb_heading-id-gsbp-25db89a \"><strong>Polyglottes<\/strong><\/h2>\n\n\n<style scoped>.gspb_text-id-gsbp-0c11a25{font-family:Poppins Regular,sans-serif;}.gspb_text-id-gsbp-0c11a25{font-size:18px;}.gspb_text-id-gsbp-0c11a25,.gspb_text-id-gsbp-0c11a25 .gsap-g-line{text-align:left!important;}.gspb_text-id-gsbp-0c11a25{margin-bottom:0px!important;}.gspb_text-id-gsbp-0c11a25{border-right-width:nullpx;}<\/style>\n<div id=\"gspb_text-id-gsbp-0c11a25\" class=\"gspb_text gspb_text-id-gsbp-0c11a25 \">Notre parlons fran\u00e7ais, anglais et chinois. En tant qu&rsquo;agent de sourcing fran\u00e7ais, nous \u00e9changeons au sujet de votre projet en fran\u00e7ais et nos coll\u00e8gues chinois se chargent de la communication avec les fabricants et les tiers tels que les auditeurs et transporteurs. <br><br>Lib\u00e9rez-vous de la recherche des bonnes usines et de la communication avec de multiples fabricants chinois avec le risque de malentendus en raison de la barri\u00e8re linguistique et culturelle. <\/div>\n<\/div>\n <\/div><\/div>\n\n\n<style scoped>#gspb_row-id-gsbp-a0acc3e{justify-content:space-between;margin-top:0px;margin-bottom:0px;display:flex;flex-wrap:wrap;}#gspb_row-id-gsbp-a0acc3e >.gspb_row__content{display:flex;justify-content:space-between;margin:0 auto;width:100%;flex-wrap:wrap;}.gspb_row{position:relative;}div[id^=gspb_col-id]{box-sizing:border-box;position:relative;}div[id^=gspb_col-id]{padding:15px min(3vw,20px);}#gspb_row-id-gsbp-a0acc3e >.gspb_row__content{align-items:center;}body.gspb-bodyfront #gspb_row-id-gsbp-a0acc3e >.gspb_row__content{max-width:var(--wp--style--global--wide-size,1200px);}#gspb_row-id-gsbp-a0acc3e{align-content:center;}#gspb_row-id-gsbp-a0acc3e{margin-top:60px;margin-bottom:60px;}<\/style>\n<div class=\"wp-block-greenshift-blocks-row alignwide gspb_row gspb_row-id-gsbp-a0acc3e gspb_row--gutter-30\" id=\"gspb_row-id-gsbp-a0acc3e\"><div class=\"gspb_row__content\"> <style scoped>#gspb_col-id-gsbp-98cefd5.gspb_row__col--6{width:calc(50% - 15px);}@media (max-width:991.98px){#gspb_col-id-gsbp-98cefd5.gspb_row__col--6{width:calc(50% - 15px);}}@media (max-width:767.98px){#gspb_col-id-gsbp-98cefd5.gspb_row__col--6{width:calc(50% - 15px);}}@media (max-width:575.98px){#gspb_col-id-gsbp-98cefd5.gspb_row__col--6{width:100%;}}#gspb_col-id-gsbp-98cefd5.gspb_row__col--6{order:2;}.gspb_row #gspb_col-id-gsbp-98cefd5.gspb_row__col--6{padding-right:0px;}<\/style>\n<div class=\"wp-block-greenshift-blocks-row-column gspb_row__col--6 gspb_col-id-gsbp-98cefd5\" id=\"gspb_col-id-gsbp-98cefd5\"><style scoped>#gspb_image-id-gsbp-e6195c4{text-align:center;}#gspb_image-id-gsbp-e6195c4 img{vertical-align:top;}#gspb_image-id-gsbp-e6195c4 img{display:inline-block;box-sizing:border-box;max-width:100%;height:auto;}#gspb_image-id-gsbp-e6195c4 img{border-top-left-radius:30px;border-top-right-radius:30px;border-bottom-right-radius:30px;border-bottom-left-radius:30px;}#gspb_image-id-gsbp-e6195c4 img{width:341px;}#gspb_image-id-gsbp-e6195c4,#gspb_image-id-gsbp-e6195c4 img{height:auto;}@media (max-width:991.98px){#gspb_image-id-gsbp-e6195c4,#gspb_image-id-gsbp-e6195c4 img{height:auto;}}@media (max-width:767.98px){#gspb_image-id-gsbp-e6195c4,#gspb_image-id-gsbp-e6195c4 img{height:auto;}}@media (max-width:575.98px){#gspb_image-id-gsbp-e6195c4,#gspb_image-id-gsbp-e6195c4 img{height:auto;}}<\/style>\n<div class=\"wp-block-greenshift-blocks-image gspb_image gspb_image-id-gsbp-e6195c4\" id=\"gspb_image-id-gsbp-e6195c4\"><img decoding=\"async\" src=\"https:\/\/rm-sourcing.com\/wp-content\/uploads\/2024\/05\/Votre-bureau-en-Chine.gif\" data-src=\"\" alt=\"bureau agent Chine fran\u00e7ais\" loading=\"lazy\" width=\"341\" height=\"389\"\/><\/div>\n<\/div>\n\n\n<style scoped>#gspb_col-id-gsbp-79265a3.gspb_row__col--6{width:calc(50% - 15px);}@media (max-width:991.98px){#gspb_col-id-gsbp-79265a3.gspb_row__col--6{width:calc(50% - 15px);}}@media (max-width:767.98px){#gspb_col-id-gsbp-79265a3.gspb_row__col--6{width:calc(50% - 15px);}}@media (max-width:575.98px){#gspb_col-id-gsbp-79265a3.gspb_row__col--6{width:100%;}}@media (min-width:992px){body.gspb-bodyfront #gspb_col-id-gsbp-79265a3.gspb_row__col--6{width:calc(50.3% - 15px - 0px)}}<\/style>\n<div class=\"wp-block-greenshift-blocks-row-column gspb_row__col--6 gspb_col-id-gsbp-79265a3\" id=\"gspb_col-id-gsbp-79265a3\"><style scoped>#gspb_heading-id-gsbp-8acb611,#gspb_heading-id-gsbp-8acb611 .gsap-g-line{text-align:right!important;}#gspb_heading-id-gsbp-8acb611{margin-top:0px;}<\/style>\n<h2 id=\"gspb_heading-id-gsbp-8acb611\" class=\"gspb_heading gspb_heading-id-gsbp-8acb611 \"><strong>Votre bureau en Chine<\/strong><\/h2>\n\n\n<style scoped>.gspb_text-id-gsbp-96b171a{font-family:Poppins Regular,sans-serif;}.gspb_text-id-gsbp-96b171a{font-size:18px;}.gspb_text-id-gsbp-96b171a,.gspb_text-id-gsbp-96b171a .gsap-g-line{text-align:right!important;}.gspb_text-id-gsbp-96b171a{margin-bottom:0px!important;}<\/style>\n<div id=\"gspb_text-id-gsbp-96b171a\" class=\"gspb_text gspb_text-id-gsbp-96b171a \">Nous sommes bas\u00e9s \u00e0 Nanjing, Jiangsu. <br><br>Nous sommes votre point de contact et de relais en Chine. Recevez plusieurs \u00e9chantillons dans nos bureaux et nous les enverrons ensemble \u00e0 votre adresse pour votre v\u00e9rification. <br><br>Nous consolidons \u00e9galement plusieurs types de marchandises dans notre entrep\u00f4t. Confiez-nous votre stock pour la gestion de vos commandes quotidiennes<strong>.<\/strong><\/div>\n<\/div>\n <\/div><\/div>\n\n\n<style scoped>#gspb_row-id-gsbp-2ee3dec{justify-content:space-between;margin-top:0px;margin-bottom:0px;display:flex;flex-wrap:wrap;}#gspb_row-id-gsbp-2ee3dec >.gspb_row__content{display:flex;justify-content:space-between;margin:0 auto;width:100%;flex-wrap:wrap;}.gspb_row{position:relative;}div[id^=gspb_col-id]{box-sizing:border-box;position:relative;}div[id^=gspb_col-id]{padding:15px min(3vw,20px);}#gspb_row-id-gsbp-2ee3dec >.gspb_row__content{align-items:center;}body.gspb-bodyfront #gspb_row-id-gsbp-2ee3dec >.gspb_row__content{max-width:var(--wp--style--global--wide-size,1200px);}#gspb_row-id-gsbp-2ee3dec{align-content:center;}#gspb_row-id-gsbp-2ee3dec{margin-top:60px;margin-bottom:60px;}<\/style>\n<div class=\"wp-block-greenshift-blocks-row alignwide gspb_row gspb_row-id-gsbp-2ee3dec gspb_row--gutter-30\" id=\"gspb_row-id-gsbp-2ee3dec\"><div class=\"gspb_row__content\"> <style scoped>#gspb_col-id-gsbp-a723e6a.gspb_row__col--6{width:calc(50% - 15px);}@media (max-width:991.98px){#gspb_col-id-gsbp-a723e6a.gspb_row__col--6{width:calc(50% - 15px);}}@media (max-width:767.98px){#gspb_col-id-gsbp-a723e6a.gspb_row__col--6{width:calc(50% - 15px);}}@media (max-width:575.98px){#gspb_col-id-gsbp-a723e6a.gspb_row__col--6{width:100%;}}.gspb_row #gspb_col-id-gsbp-a723e6a.gspb_row__col--6{padding-left:0px;}<\/style>\n<div class=\"wp-block-greenshift-blocks-row-column gspb_row__col--6 gspb_col-id-gsbp-a723e6a\" id=\"gspb_col-id-gsbp-a723e6a\"><style scoped>#gspb_image-id-gsbp-9468e23{text-align:center;}#gspb_image-id-gsbp-9468e23 img{vertical-align:top;}#gspb_image-id-gsbp-9468e23 img{display:inline-block;box-sizing:border-box;max-width:100%;height:auto;}#gspb_image-id-gsbp-9468e23 img{border-top-left-radius:30px;border-top-right-radius:30px;border-bottom-right-radius:30px;border-bottom-left-radius:30px;}#gspb_image-id-gsbp-9468e23 img{width:341px;}#gspb_image-id-gsbp-9468e23,#gspb_image-id-gsbp-9468e23 img{height:auto;}@media (max-width:991.98px){#gspb_image-id-gsbp-9468e23,#gspb_image-id-gsbp-9468e23 img{height:auto;}}@media (max-width:767.98px){#gspb_image-id-gsbp-9468e23,#gspb_image-id-gsbp-9468e23 img{height:auto;}}@media (max-width:575.98px){#gspb_image-id-gsbp-9468e23,#gspb_image-id-gsbp-9468e23 img{height:auto;}}<\/style>\n<div class=\"wp-block-greenshift-blocks-image gspb_image gspb_image-id-gsbp-9468e23\" id=\"gspb_image-id-gsbp-9468e23\"><img decoding=\"async\" src=\"https:\/\/rm-sourcing.com\/wp-content\/uploads\/2024\/05\/Chaine-dapprovisionnement-GIF.gif\" data-src=\"\" alt=\"Entrep\u00f4t chine e-commerce agent fran\u00e7ais\" loading=\"lazy\" width=\"341\" height=\"396\"\/><\/div>\n<\/div>\n\n\n<style scoped>#gspb_col-id-gsbp-dd041a1.gspb_row__col--6{width:calc(50% - 15px);}@media (max-width:991.98px){#gspb_col-id-gsbp-dd041a1.gspb_row__col--6{width:calc(50% - 15px);}}@media (max-width:767.98px){#gspb_col-id-gsbp-dd041a1.gspb_row__col--6{width:calc(50% - 15px);}}@media (max-width:575.98px){#gspb_col-id-gsbp-dd041a1.gspb_row__col--6{width:100%;}}<\/style>\n<div class=\"wp-block-greenshift-blocks-row-column gspb_row__col--6 gspb_col-id-gsbp-dd041a1\" id=\"gspb_col-id-gsbp-dd041a1\"><style scoped>#gspb_heading-id-gsbp-94da3be{margin-top:0px;}<\/style>\n<h2 id=\"gspb_heading-id-gsbp-94da3be\" class=\"gspb_heading gspb_heading-id-gsbp-94da3be \"><strong>Supply chain<\/strong><\/h2>\n\n\n<style scoped>.gspb_text-id-gsbp-590539a{font-family:Poppins Regular,sans-serif;}.gspb_text-id-gsbp-590539a{font-size:18px;}<\/style>\n<div id=\"gspb_text-id-gsbp-590539a\" class=\"gspb_text gspb_text-id-gsbp-590539a \">Nous sommes bien plus qu&rsquo;un agent d&rsquo;approvisionnement ou un prestataire logistique. Nous sommes votre partenaire pour la gestion de votre cha\u00eene d&rsquo;approvisionnement, vous lib\u00e9rant ainsi du temps pour vous concentrer sur la croissance de vos ventes et de votre marketing. <br><br>En nous choisissant, vous acc\u00e9dez \u00e0 une \u00e9quipe d\u00e9vou\u00e9e qui priorise la transparence, la communication et la collaboration pour atteindre vos objectifs.<\/div>\n<\/div>\n <\/div><\/div>\n","protected":false},"excerpt":{"rendered":"","protected":false},"author":1,"featured_media":0,"parent":0,"menu_order":0,"comment_status":"closed","ping_status":"closed","template":"","meta":{"_gspb_post_css":"#gspb_heading-id-gsbp-c24b86f,#gspb_heading-id-gsbp-c24b86f .gsap-g-line{text-align:center!important}#gspb_heading-id-gsbp-c24b86f{color:var(--gs-colorcustomcolor4, #fbfbfb)}.gspb_text-id-gsbp-0c11a25,.gspb_text-id-gsbp-c312e5c{font-family:Poppins Regular,sans-serif;font-size:20px;text-align:center!important}.gspb_text-id-gsbp-c312e5c .gsap-g-line{text-align:center!important}#gspb_image-id-gsbp-5e57d00{text-align:center;height:auto}#gspb_image-id-gsbp-5e57d00 img{object-position:50% 50%;vertical-align:top;display:inline-block;box-sizing:border-box;max-width:100%;border-top-left-radius:30px;border-top-right-radius:30px;border-bottom-right-radius:30px;border-bottom-left-radius:30px;width:341px;height:auto}@media (max-width:991.98px){#gspb_image-id-gsbp-5e57d00,#gspb_image-id-gsbp-5e57d00 img{height:auto}}@media (max-width:767.98px){#gspb_image-id-gsbp-5e57d00,#gspb_image-id-gsbp-5e57d00 img{height:auto}}@media (max-width:575.98px){#gspb_image-id-gsbp-5e57d00,#gspb_image-id-gsbp-5e57d00 img{height:auto}}#gspb_heading-id-gsbp-25db89a{margin-top:0}.gspb_text-id-gsbp-0c11a25{font-size:18px;text-align:left!important;margin-bottom:0!important;border-right-width:nullpx}.gspb_text-id-gsbp-0c11a25 .gsap-g-line{text-align:left!important}#gspb_row-id-gsbp-7dd35d0{justify-content:space-between;display:flex;flex-wrap:wrap;align-content:center;margin-top:100px;margin-bottom:60px}#gspb_row-id-gsbp-7dd35d0>.gspb_row__content{display:flex;justify-content:space-between;margin:0 auto;width:100%;flex-wrap:wrap;align-items:center}div[id^=gspb_col-id]{box-sizing:border-box;position:relative;padding:15px min(3vw,20px)}body.gspb-bodyfront #gspb_row-id-gsbp-2ee3dec>.gspb_row__content,body.gspb-bodyfront #gspb_row-id-gsbp-7dd35d0>.gspb_row__content,body.gspb-bodyfront #gspb_row-id-gsbp-a0acc3e>.gspb_row__content{max-width:var(--wp--style--global--wide-size, 1200px)}#gspb_image-id-gsbp-e6195c4{text-align:center;height:auto}#gspb_image-id-gsbp-e6195c4 img{vertical-align:top;display:inline-block;box-sizing:border-box;max-width:100%;border-top-left-radius:30px;border-top-right-radius:30px;border-bottom-right-radius:30px;border-bottom-left-radius:30px;width:341px;height:auto}@media (max-width:991.98px){#gspb_image-id-gsbp-e6195c4,#gspb_image-id-gsbp-e6195c4 img{height:auto}}@media (max-width:767.98px){#gspb_image-id-gsbp-e6195c4,#gspb_image-id-gsbp-e6195c4 img{height:auto}}@media (max-width:575.98px){#gspb_image-id-gsbp-e6195c4,#gspb_image-id-gsbp-e6195c4 img{height:auto}}#gspb_heading-id-gsbp-8acb611,#gspb_heading-id-gsbp-8acb611 .gsap-g-line{text-align:right!important}#gspb_heading-id-gsbp-8acb611{margin-top:0}.gspb_text-id-gsbp-96b171a{text-align:right!important;margin-bottom:0!important}.gspb_text-id-gsbp-96b171a .gsap-g-line{text-align:right!important}#gspb_row-id-gsbp-a0acc3e{justify-content:space-between;display:flex;flex-wrap:wrap;align-content:center;margin-top:60px;margin-bottom:60px}#gspb_image-id-gsbp-9468e23{text-align:center;height:auto}#gspb_image-id-gsbp-9468e23 img{vertical-align:top;display:inline-block;box-sizing:border-box;max-width:100%;border-top-left-radius:30px;border-top-right-radius:30px;border-bottom-right-radius:30px;border-bottom-left-radius:30px;width:341px;height:auto}@media (max-width:991.98px){#gspb_image-id-gsbp-9468e23,#gspb_image-id-gsbp-9468e23 img{height:auto}}@media (max-width:767.98px){#gspb_image-id-gsbp-9468e23,#gspb_image-id-gsbp-9468e23 img{height:auto}}@media (max-width:575.98px){#gspb_image-id-gsbp-9468e23,#gspb_image-id-gsbp-9468e23 img{height:auto}}#gspb_heading-id-gsbp-94da3be{margin-top:0}.gspb_text-id-gsbp-590539a,.gspb_text-id-gsbp-96b171a{font-family:Poppins Regular,sans-serif;font-size:18px}#gspb_row-id-gsbp-2ee3dec{justify-content:space-between;display:flex;flex-wrap:wrap;align-content:center;margin-top:60px;margin-bottom:60px}#gspb_row-id-gsbp-2ee3dec>.gspb_row__content,#gspb_row-id-gsbp-a0acc3e>.gspb_row__content{display:flex;justify-content:space-between;margin:0 auto;width:100%;flex-wrap:wrap;align-items:center}.gspb_row{position:relative}","footnotes":""},"class_list":["post-549","page","type-page","status-publish","hentry"],"_links":{"self":[{"href":"https:\/\/rm-sourcing.com\/fr\/wp-json\/wp\/v2\/pages\/549","targetHints":{"allow":["GET"]}}],"collection":[{"href":"https:\/\/rm-sourcing.com\/fr\/wp-json\/wp\/v2\/pages"}],"about":[{"href":"https:\/\/rm-sourcing.com\/fr\/wp-json\/wp\/v2\/types\/page"}],"author":[{"embeddable":true,"href":"https:\/\/rm-sourcing.com\/fr\/wp-json\/wp\/v2\/users\/1"}],"replies":[{"embeddable":true,"href":"https:\/\/rm-sourcing.com\/fr\/wp-json\/wp\/v2\/comments?post=549"}],"version-history":[{"count":5,"href":"https:\/\/rm-sourcing.com\/fr\/wp-json\/wp\/v2\/pages\/549\/revisions"}],"predecessor-version":[{"id":1345,"href":"https:\/\/rm-sourcing.com\/fr\/wp-json\/wp\/v2\/pages\/549\/revisions\/1345"}],"wp:attachment":[{"href":"https:\/\/rm-sourcing.com\/fr\/wp-json\/wp\/v2\/media?parent=549"}],"curies":[{"name":"wp","href":"https:\/\/api.w.org\/{rel}","templated":true}]}}